{"id":288274,"date":"2023-12-21T17:57:44","date_gmt":"2023-12-21T16:57:44","guid":{"rendered":"https:\/\/www.lapland-ice-driving.com\/?page_id=288274"},"modified":"2025-12-15T08:31:46","modified_gmt":"2025-12-15T07:31:46","slug":"mentions-legales","status":"publish","type":"page","link":"https:\/\/www.lapland-ice-driving.com\/en\/legal-notices\/","title":{"rendered":"Legal Information"},"content":{"rendered":"<p>[et_pb_section fb_built=&#8221;1&#8243; _builder_version=&#8221;4.23.1&#8243; background_enable_color=&#8221;off&#8221; background_enable_image=&#8221;off&#8221; parallax=&#8221;on&#8221; parallax_method=&#8221;off&#8221; background_enable_video_mp4=&#8221;off&#8221; custom_padding=&#8221;0px||0px||true|false&#8221; da_disable_devices=&#8221;off|off|off&#8221; global_colors_info=&#8221;{}&#8221; da_is_popup=&#8221;off&#8221; da_exit_intent=&#8221;off&#8221; da_has_close=&#8221;on&#8221; da_alt_close=&#8221;off&#8221; da_dark_close=&#8221;off&#8221; da_not_modal=&#8221;on&#8221; da_is_singular=&#8221;off&#8221; da_with_loader=&#8221;off&#8221; da_has_shadow=&#8221;on&#8221;][et_pb_row _builder_version=&#8221;4.23.1&#8243; _module_preset=&#8221;default&#8221; width=&#8221;100%&#8221; max_width=&#8221;100%&#8221; custom_margin=&#8221;0px||0px||true|false&#8221; custom_padding=&#8221;0px||0px||true|false&#8221; global_colors_info=&#8221;{}&#8221;][et_pb_column type=&#8221;4_4&#8243; _builder_version=&#8221;4.23.1&#8243; _module_preset=&#8221;default&#8221; global_colors_info=&#8221;{}&#8221;][et_pb_slider module_class=&#8221;diapo-princ&#8221; _builder_version=&#8221;4.23.1&#8243; _module_preset=&#8221;default&#8221; custom_padding=&#8221;||||false|false&#8221; custom_padding_tablet=&#8221;12em||12em||true|false&#8221; custom_padding_phone=&#8221;8em||8em||true|false&#8221; custom_padding_last_edited=&#8221;on|phone&#8221; global_colors_info=&#8221;{}&#8221;][et_pb_slide _builder_version=&#8221;4.23.1&#8243; _module_preset=&#8221;default&#8221; background_enable_color=&#8221;off&#8221; background_image=&#8221;https:\/\/www.lapland-ice-driving.com\/wp-content\/uploads\/2023\/12\/22.jpg&#8221; background_enable_image=&#8221;on&#8221; global_colors_info=&#8221;{}&#8221; sticky_transition=&#8221;on&#8221;][\/et_pb_slide][\/et_pb_slider][\/et_pb_column][\/et_pb_row][\/et_pb_section][et_pb_section fb_built=&#8221;1&#8243; _builder_version=&#8221;4.23.1&#8243; _module_preset=&#8221;default&#8221; z_index=&#8221;9&#8243; custom_margin=&#8221;0px||-3em||false|false&#8221; custom_padding=&#8221;0px||0px|5%|true|false&#8221; da_disable_devices=&#8221;off|off|off&#8221; global_colors_info=&#8221;{}&#8221; da_is_popup=&#8221;off&#8221; da_exit_intent=&#8221;off&#8221; da_has_close=&#8221;on&#8221; da_alt_close=&#8221;off&#8221; da_dark_close=&#8221;off&#8221; da_not_modal=&#8221;on&#8221; da_is_singular=&#8221;off&#8221; da_with_loader=&#8221;off&#8221; da_has_shadow=&#8221;on&#8221;][et_pb_row column_structure=&#8221;1_3,2_3&#8243; use_custom_gutter=&#8221;on&#8221; gutter_width=&#8221;2&#8243; make_equal=&#8221;on&#8221; _builder_version=&#8221;4.23.1&#8243; vertical_offset=&#8221;-8em&#8221; vertical_offset_tablet=&#8221;-4em&#8221; vertical_offset_phone=&#8221;-5em&#8221; vertical_offset_last_edited=&#8221;on|phone&#8221; width=&#8221;100%&#8221; width_tablet=&#8221;90%&#8221; width_phone=&#8221;90%&#8221; width_last_edited=&#8221;on|phone&#8221; max_width=&#8221;90%&#8221; module_alignment=&#8221;left&#8221; custom_margin=&#8221;||0px||false|false&#8221; custom_padding=&#8221;||0px||false|false&#8221; locked=&#8221;off&#8221; global_colors_info=&#8221;{}&#8221;][et_pb_column type=&#8221;1_3&#8243; _builder_version=&#8221;4.23.1&#8243; custom_padding=&#8221;12em||1em||false|false&#8221; custom_padding_tablet=&#8221;6em||||false|false&#8221; custom_padding_phone=&#8221;4em||1em||false|false&#8221; custom_padding_last_edited=&#8221;on|tablet&#8221; border_width_bottom=&#8221;1px&#8221; border_width_left=&#8221;1px&#8221; border_color_left=&#8221;#000000&#8243; global_colors_info=&#8221;{}&#8221;][et_pb_text _builder_version=&#8221;4.23.4&#8243; header_font=&#8221;|700||on|||||&#8221; header_text_align=&#8221;left&#8221; header_text_color=&#8221;#000000&#8243; header_font_size=&#8221;2em&#8221; header_line_height=&#8221;1.2em&#8221; custom_margin=&#8221;||||false|false&#8221; custom_padding=&#8221;|||2em|false|false&#8221; header_font_size_tablet=&#8221;2em&#8221; header_font_size_phone=&#8221;2em&#8221; header_font_size_last_edited=&#8221;on|phone&#8221; header_line_height_tablet=&#8221;1.2em&#8221; header_line_height_phone=&#8221;1.4em&#8221; header_line_height_last_edited=&#8221;off|desktop&#8221; content_en_gb=&#8221;<\/p>\n<h1>Legal information<\/h1>\n<p>&#8221; global_colors_info=&#8221;{}&#8221;]<\/p>\n<h1><strong>Informations l\u00e9gales<\/strong><\/h1>\n<p>[\/et_pb_text][\/et_pb_column][et_pb_column type=&#8221;2_3&#8243; module_class=&#8221;centrer-bas&#8221; _builder_version=&#8221;4.23.1&#8243; global_colors_info=&#8221;{}&#8221;][\/et_pb_column][\/et_pb_row][\/et_pb_section][et_pb_section fb_built=&#8221;1&#8243; custom_padding_last_edited=&#8221;on|tablet&#8221; _builder_version=&#8221;4.23.1&#8243; _module_preset=&#8221;default&#8221; background_enable_color=&#8221;off&#8221; background_enable_image=&#8221;off&#8221; z_index=&#8221;9999&#8243; custom_margin_tablet=&#8221;||||false|false&#8221; custom_margin_last_edited=&#8221;off|tablet&#8221; custom_padding=&#8221;0px||5%||false|false&#8221; custom_padding_tablet=&#8221;2em||2em||false|false&#8221; custom_padding_phone=&#8221;3em||||false|false&#8221; da_disable_devices=&#8221;off|off|off&#8221; global_colors_info=&#8221;{}&#8221; da_is_popup=&#8221;off&#8221; da_exit_intent=&#8221;off&#8221; da_has_close=&#8221;on&#8221; da_alt_close=&#8221;off&#8221; da_dark_close=&#8221;off&#8221; da_not_modal=&#8221;on&#8221; da_is_singular=&#8221;off&#8221; da_with_loader=&#8221;off&#8221; da_has_shadow=&#8221;on&#8221;][et_pb_row column_structure=&#8221;1_3,1_3,1_3&#8243; use_custom_gutter=&#8221;on&#8221; gutter_width=&#8221;2&#8243; make_equal=&#8221;on&#8221; custom_padding_last_edited=&#8221;on|tablet&#8221; _builder_version=&#8221;4.23.4&#8243; _module_preset=&#8221;default&#8221; width=&#8221;90%&#8221; max_width=&#8221;90%&#8221; custom_padding_tablet=&#8221;||0px||false|false&#8221; custom_padding_phone=&#8221;||0px||false|false&#8221; global_colors_info=&#8221;{}&#8221;][et_pb_column type=&#8221;1_3&#8243; _builder_version=&#8221;4.23.4&#8243; _module_preset=&#8221;default&#8221; custom_padding_tablet=&#8221;||2em||false|false&#8221; custom_padding_phone=&#8221;||2em||false|false&#8221; custom_padding_last_edited=&#8221;on|tablet&#8221; border_width_right=&#8221;1px&#8221; border_width_right_tablet=&#8221;0px&#8221; border_width_right_phone=&#8221;0px&#8221; border_width_right_last_edited=&#8221;on|tablet&#8221; border_width_bottom_tablet=&#8221;1px&#8221; border_width_bottom_phone=&#8221;1px&#8221; border_width_bottom_last_edited=&#8221;on|tablet&#8221; global_colors_info=&#8221;{}&#8221;][et_pb_text _builder_version=&#8221;4.23.4&#8243; _module_preset=&#8221;default&#8221; header_2_font=&#8221;|700|||||||&#8221; header_2_font_size=&#8221;1.5em&#8221; content_en_gb=&#8221;<\/p>\n<h2><strong>HEAD OFFICES<\/strong><\/h2>\n<p><strong>LAPONIE ICE DRIVING AB<\/strong><br \/>\nSlagnasv\u00e5gen, Box 39, 93831 ARJEPLOG \u2013 SWEDEN<br \/>\nRegistration number&nbsp;: 556903-3565<br \/>\nShare Capital&nbsp;: 50 000 SEK<br \/>\nVAT number&nbsp;: SE 556903356501<\/p>\n<p><strong>DRIVE AND TRAVEL SAS<\/strong><br \/>\nBranch of HOLDEC Group<br \/>\n20, rue Gustave Madiot<br \/>\n91070 Bondoufle \u2013 FRANCE<br \/>\nCapital&nbsp;: 520 000 \u20ac<br \/>\nRCS Evry&nbsp;: 879 580 926 00019<br \/>\nVAT number&nbsp;: FR89879580926<br \/>\nTravel agency licence number&nbsp;: IM091230003<\/p>\n<p>&#8221; global_colors_info=&#8221;{}&#8221;]<\/p>\n<h2>SI\u00c8GES<\/h2>\n<p><strong>LAPONIE ICE DRIVING AB<\/strong><br \/>\nFiliale du groupe HOLDEC<br \/>\nSlagnasv\u00e5gen, Box 39, 93831 ARJEPLOG \u2013 SWEDEN<br \/>\nRegistration number&nbsp;: 556903-3565<br \/>\nShare Capital&nbsp;: 50 000 SEK<\/p>\n<p><strong>DRIVE AND TRAVEL\u00a0SAS<\/strong><br \/>\nFiliale du groupe HOLDEC<br \/>\n20, rue Gustave Madiot<br \/>\n91070 Bondoufle \u2013 FRANCE<br \/>\nCapital&nbsp;: 520 000 \u20ac<br \/>\nRCS Evry&nbsp;: 879 580 926 00019<br \/>\nN\u00b0 TVA&nbsp;: FR89879580926<br \/>\nN\u00b0 d\u2019agr\u00e9ment d\u2019agent de voyage&nbsp;: IM09123000<br \/>\n[\/et_pb_text][\/et_pb_column][et_pb_column type=&#8221;1_3&#8243; _builder_version=&#8221;4.23.4&#8243; _module_preset=&#8221;default&#8221; custom_padding_tablet=&#8221;||2em||false|false&#8221; custom_padding_phone=&#8221;||2em||false|false&#8221; custom_padding_last_edited=&#8221;on|tablet&#8221; border_width_right=&#8221;1px&#8221; border_width_right_tablet=&#8221;0px&#8221; border_width_right_phone=&#8221;0px&#8221; border_width_right_last_edited=&#8221;on|tablet&#8221; border_width_bottom_tablet=&#8221;1px&#8221; border_width_bottom_phone=&#8221;1px&#8221; border_width_bottom_last_edited=&#8221;on|tablet&#8221; global_colors_info=&#8221;{}&#8221;][et_pb_text _builder_version=&#8221;4.25.2&#8243; _module_preset=&#8221;default&#8221; header_2_font=&#8221;|700|||||||&#8221; header_2_font_size=&#8221;1.5em&#8221; global_colors_info=&#8221;{}&#8221;]<\/p>\n<h2><strong>CONTACT COMMERCIAL ET MARKETING<\/strong><\/h2>\n<p>\u00c9ric GALLARDO<br \/>\n<a href=\"https:\/\/www.lapland-ice-driving.com\/contact\/\">Nous contacter<\/a><\/p>\n<h2>H\u00c9BERGEMENT<\/h2>\n<p>INFOMANIAK NETWORK SA \u2013 26, Avenue de la Praille \u2013 1227 Carouge \/ Gen\u00e8ve \u2013 SUISSE<br \/>\nT\u00e9l.&nbsp;: +41 22 820 35 44 \u2013 Fax&nbsp;: +41 22 301 67 69<br \/>\nEmail&nbsp;: contact@infomaniak.ch \u2013 Site internet&nbsp;: www.infomaniak.ch<\/p>\n<h2>CR\u00c9DIT PHOTO<\/h2>\n<p>Felix Macias pour LID<br \/>\nShutterstock<br \/>\nAdobe Stock<\/p>\n<p>Cr\u00e9ation site internet&nbsp;: <a title=\"agence de communication\" href=\"https:\/\/groupe-echo.fr\" target=\"_blank\" rel=\"noopener\"><span class=\"ui-provider a b c d e f g h i j k l m n o p q r s t u v w x y z ab ac ae af ag ah ai aj ak\" dir=\"ltr\">Groupe Echo, agence de communication<\/span><\/a><\/p>\n<p>\u00a9 Laponie Ice Driving 2023<br \/>\n[\/et_pb_text][\/et_pb_column][et_pb_column type=&#8221;1_3&#8243; _builder_version=&#8221;4.23.4&#8243; _module_preset=&#8221;default&#8221; global_colors_info=&#8221;{}&#8221;][et_pb_text _builder_version=&#8221;4.23.4&#8243; _module_preset=&#8221;default&#8221; header_2_font=&#8221;|700||on|||||&#8221; header_2_text_align=&#8221;left&#8221; header_2_font_size=&#8221;1.5em&#8221; custom_margin=&#8221;0px||0px||true|false&#8221; custom_padding=&#8221;||1em||false|false&#8221; content_en_gb=&#8221;<\/p>\n<h2>Our files<\/h2>\n<p>&#8221; global_colors_info=&#8221;{}&#8221;]<\/p>\n<h2>Nos documents<\/h2>\n<p>[\/et_pb_text][et_pb_button button_url=&#8221;https:\/\/www.lapland-ice-driving.com\/wp-content\/uploads\/2025\/01\/CONDITIONS-GENERALES-DE-VENTE-1er-SEPTEMBRE-2025.pdf&#8221; url_new_window=&#8221;on&#8221; button_text=&#8221;Conditions g\u00e9n\u00e9rales de vente&#8221; button_alignment=&#8221;left&#8221; _builder_version=&#8221;4.27.4&#8243; _module_preset=&#8221;default&#8221; custom_button=&#8221;on&#8221; button_text_size=&#8221;18px&#8221; button_text_color=&#8221;#000000&#8243; button_bg_color=&#8221;RGBA(255,255,255,0)&#8221; button_border_width=&#8221;0px&#8221; button_font=&#8221;|||on|||||&#8221; button_icon=&#8221;&#x24;||divi||400&#8243; button_icon_color=&#8221;#000000&#8243; custom_margin=&#8221;0px|0px|0px|0px|true|true&#8221; custom_padding=&#8221;0px|0px|2em|0px|false|true&#8221; custom_padding_tablet=&#8221;||1em||false|true&#8221; custom_padding_phone=&#8221;||1em||false|true&#8221; custom_padding_last_edited=&#8221;on|tablet&#8221; button_text_en_gb=&#8221;General terms and conditions of sales&#8221; button_url_en_gb=&#8221;https:\/\/www.lapland-ice-driving.com\/wp-content\/uploads\/2025\/01\/GENERAL-TERMS-AND-CONDITION-OF-SALES-1st-SEPTEMBER-2025.pdf&#8221; global_colors_info=&#8221;{}&#8221; button_icon_color__hover_enabled=&#8221;on|hover&#8221; button_icon_color__hover=&#8221;#3EACCC&#8221; button_text_color__hover_enabled=&#8221;on|desktop&#8221; button_text_color__hover=&#8221;#3EACCC&#8221;][\/et_pb_button][et_pb_button button_url=&#8221;https:\/\/www.lapland-ice-driving.com\/wp-content\/uploads\/2025\/09\/CONDITIONS-PARTICULIERES-DE-VENTE-au-1er-SEPTEMBRE-2025.pdf&#8221; url_new_window=&#8221;on&#8221; button_text=&#8221;Conditions particuli\u00e8res de vente&#8221; button_alignment=&#8221;left&#8221; _builder_version=&#8221;4.27.4&#8243; _module_preset=&#8221;default&#8221; custom_button=&#8221;on&#8221; button_text_size=&#8221;18px&#8221; button_text_color=&#8221;#000000&#8243; button_bg_color=&#8221;RGBA(255,255,255,0)&#8221; button_border_width=&#8221;0px&#8221; button_font=&#8221;|||on|||||&#8221; button_icon=&#8221;&#x24;||divi||400&#8243; button_icon_color=&#8221;#000000&#8243; custom_margin=&#8221;0px|0px|0px|0px|true|true&#8221; custom_padding=&#8221;0px|0px|2em|0px|false|true&#8221; custom_padding_tablet=&#8221;||1em||false|true&#8221; custom_padding_phone=&#8221;||1em||false|true&#8221; custom_padding_last_edited=&#8221;on|tablet&#8221; button_text_en_gb=&#8221;Special terms and conditions of sales&#8221; button_url_en_gb=&#8221;https:\/\/www.lapland-ice-driving.com\/wp-content\/uploads\/2025\/09\/SPECIAL-TERMS-AND-CONDITIONS-OF-SALE-1ST-SEPTEMBER-2025-LID.pdf&#8221; global_colors_info=&#8221;{}&#8221; button_icon_color__hover_enabled=&#8221;on|hover&#8221; button_icon_color__hover=&#8221;#3EACCC&#8221; button_text_color__hover_enabled=&#8221;on|desktop&#8221; button_text_color__hover=&#8221;#3EACCC&#8221;][\/et_pb_button][et_pb_button button_url=&#8221;https:\/\/www.lapland-ice-driving.com\/wp-content\/uploads\/2025\/09\/Politique_de_confidentialite.pdf&#8221; url_new_window=&#8221;on&#8221; button_text=&#8221;Politique de confidentialit\u00e9&#8221; button_alignment=&#8221;left&#8221; _builder_version=&#8221;4.27.4&#8243; _module_preset=&#8221;default&#8221; custom_button=&#8221;on&#8221; button_text_size=&#8221;18px&#8221; button_text_color=&#8221;#000000&#8243; button_bg_color=&#8221;RGBA(255,255,255,0)&#8221; button_border_width=&#8221;0px&#8221; button_font=&#8221;|||on|||||&#8221; button_icon=&#8221;&#x24;||divi||400&#8243; button_icon_color=&#8221;#000000&#8243; custom_margin=&#8221;0px|0px|0px|0px|true|true&#8221; custom_padding=&#8221;0px|0px|2em|0px|false|true&#8221; custom_padding_tablet=&#8221;||1em||false|true&#8221; custom_padding_phone=&#8221;||1em||false|true&#8221; custom_padding_last_edited=&#8221;on|tablet&#8221; button_text_en_gb=&#8221;Privacy policy&#8221; button_url_en_gb=&#8221;https:\/\/www.lapland-ice-driving.com\/wp-content\/uploads\/2025\/09\/Privacy_policy.pdf&#8221; global_colors_info=&#8221;{}&#8221; button_icon_color__hover_enabled=&#8221;on|hover&#8221; button_icon_color__hover=&#8221;#3EACCC&#8221; button_text_color__hover_enabled=&#8221;on|desktop&#8221; button_text_color__hover=&#8221;#3EACCC&#8221;][\/et_pb_button][et_pb_button button_url=&#8221;https:\/\/www.lapland-ice-driving.com\/wp-content\/uploads\/2025\/12\/Reglement-jeu-concours-LID-signe-1.pdf&#8221; url_new_window=&#8221;on&#8221; button_text=&#8221;R\u00e8glement Jeu concours&#8221; button_alignment=&#8221;left&#8221; _builder_version=&#8221;4.27.4&#8243; _module_preset=&#8221;default&#8221; custom_button=&#8221;on&#8221; button_text_size=&#8221;18px&#8221; button_text_color=&#8221;#000000&#8243; button_bg_color=&#8221;RGBA(255,255,255,0)&#8221; button_border_width=&#8221;0px&#8221; button_font=&#8221;|||on|||||&#8221; button_icon=&#8221;&#x24;||divi||400&#8243; button_icon_color=&#8221;#000000&#8243; custom_margin=&#8221;0px|0px|0px|0px|true|true&#8221; custom_padding=&#8221;0px|0px|2em|0px|false|true&#8221; custom_padding_tablet=&#8221;||1em||false|true&#8221; custom_padding_phone=&#8221;||1em||false|true&#8221; custom_padding_last_edited=&#8221;on|tablet&#8221; hover_enabled=&#8221;0&#8243; button_text_en_gb=&#8221;Contest Rules&#8221; button_url_en_gb=&#8221;https:\/\/www.lapland-ice-driving.com\/wp-content\/uploads\/2025\/12\/Concours_Eng081225.pdf&#8221; global_colors_info=&#8221;{}&#8221; button_icon_color__hover_enabled=&#8221;on|hover&#8221; button_icon_color__hover=&#8221;#3EACCC&#8221; button_text_color__hover_enabled=&#8221;on|desktop&#8221; button_text_color__hover=&#8221;#3EACCC&#8221; sticky_enabled=&#8221;0&#8243;][\/et_pb_button][\/et_pb_column][\/et_pb_row][\/et_pb_section]<\/p>\n","protected":false},"excerpt":{"rendered":"<p>Informations l\u00e9gales SI\u00c8GES LAPONIE ICE DRIVING AB Filiale du groupe HOLDEC Slagnasv\u00e5gen, Box 39, 93831 ARJEPLOG \u2013 SWEDEN Registration number : 556903-3565 Share Capital : 50 000 SEK DRIVE AND TRAVEL\u00a0SAS Filiale du groupe HOLDEC 20, rue Gustave Madiot 91070 Bondoufle \u2013 FRANCE Capital : 520 000 \u20ac RCS Evry : 879 580 926 00019 [&hellip;]<\/p>\n","protected":false},"author":1,"featured_media":0,"parent":0,"menu_order":0,"comment_status":"closed","ping_status":"closed","template":"","meta":{"_acf_changed":false,"_et_pb_use_builder":"on","_et_pb_old_content":"","_et_gb_content_width":"","content-type":"","footnotes":""},"difl_page_category":[],"class_list":["post-288274","page","type-page","status-publish","hentry"],"acf":[],"_links":{"self":[{"href":"https:\/\/www.lapland-ice-driving.com\/en\/wp-json\/wp\/v2\/pages\/288274","targetHints":{"allow":["GET"]}}],"collection":[{"href":"https:\/\/www.lapland-ice-driving.com\/en\/wp-json\/wp\/v2\/pages"}],"about":[{"href":"https:\/\/www.lapland-ice-driving.com\/en\/wp-json\/wp\/v2\/types\/page"}],"author":[{"embeddable":true,"href":"https:\/\/www.lapland-ice-driving.com\/en\/wp-json\/wp\/v2\/users\/1"}],"replies":[{"embeddable":true,"href":"https:\/\/www.lapland-ice-driving.com\/en\/wp-json\/wp\/v2\/comments?post=288274"}],"version-history":[{"count":32,"href":"https:\/\/www.lapland-ice-driving.com\/en\/wp-json\/wp\/v2\/pages\/288274\/revisions"}],"predecessor-version":[{"id":1981543,"href":"https:\/\/www.lapland-ice-driving.com\/en\/wp-json\/wp\/v2\/pages\/288274\/revisions\/1981543"}],"wp:attachment":[{"href":"https:\/\/www.lapland-ice-driving.com\/en\/wp-json\/wp\/v2\/media?parent=288274"}],"wp:term":[{"taxonomy":"difl_page_category","embeddable":true,"href":"https:\/\/www.lapland-ice-driving.com\/en\/wp-json\/wp\/v2\/difl_page_category?post=288274"}],"curies":[{"name":"wp","href":"https:\/\/api.w.org\/{rel}","templated":true}]}}