{"id":284927,"date":"2023-12-21T12:24:27","date_gmt":"2023-12-21T11:24:27","guid":{"rendered":"https:\/\/www.lapland-ice-driving.com\/?page_id=284927"},"modified":"2026-03-05T10:23:30","modified_gmt":"2026-03-05T09:23:30","slug":"nos-partenaires","status":"publish","type":"page","link":"https:\/\/www.lapland-ice-driving.com\/en\/our-partners\/","title":{"rendered":"Partners"},"content":{"rendered":"<p>[et_pb_section fb_built=&#8221;1&#8243; fullwidth=&#8221;on&#8221; disabled_on=&#8221;off|off|off&#8221; admin_label=&#8221;Section&#8221; _builder_version=&#8221;4.27.5&#8243; _module_preset=&#8221;default&#8221; da_disable_devices=&#8221;off|off|off&#8221; locked=&#8221;off&#8221; global_colors_info=&#8221;{}&#8221; da_is_popup=&#8221;off&#8221; da_exit_intent=&#8221;off&#8221; da_has_close=&#8221;on&#8221; da_alt_close=&#8221;off&#8221; da_dark_close=&#8221;off&#8221; da_not_modal=&#8221;on&#8221; da_is_singular=&#8221;off&#8221; da_with_loader=&#8221;off&#8221; da_has_shadow=&#8221;on&#8221;][et_pb_fullwidth_header title=&#8221;Partenaires&#8221; text_orientation=&#8221;center&#8221; header_fullscreen=&#8221;on&#8221; button_one_text_last_edited=&#8221;off|desktop&#8221; _builder_version=&#8221;4.27.4&#8243; _module_preset=&#8221;default&#8221; title_font=&#8221;|||on|||||&#8221; title_text_align=&#8221;center&#8221; title_font_size=&#8221;3.5em&#8221; title_letter_spacing=&#8221;1px&#8221; background_enable_color=&#8221;off&#8221; background_image=&#8221;https:\/\/www.lapland-ice-driving.com\/wp-content\/uploads\/2024\/12\/banniere-haut-de-site.png&#8221; background_enable_video_mp4=&#8221;off&#8221; custom_button_one=&#8221;on&#8221; button_one_text_color=&#8221;#000000&#8243; button_one_bg_color=&#8221;rgba(255,255,255,0.66)&#8221; button_one_border_width=&#8221;1px&#8221; button_one_border_color=&#8221;RGBA(255,255,255,0)&#8221; button_one_font=&#8221;|||on|||||&#8221; button_one_use_icon=&#8221;off&#8221; custom_button_two=&#8221;on&#8221; button_two_text_color=&#8221;#FFFFFF&#8221; button_two_bg_color=&#8221;RGBA(255,255,255,0)&#8221; button_two_border_width=&#8221;1px&#8221; button_two_border_color=&#8221;#FFFFFF&#8221; button_two_font=&#8221;|||on|||||&#8221; button_two_use_icon=&#8221;off&#8221; width=&#8221;100%&#8221; max_width=&#8221;100%&#8221; module_alignment=&#8221;center&#8221; min_height=&#8221;100vh&#8221; min_height_tablet=&#8221;60vh&#8221; min_height_phone=&#8221;60vh&#8221; min_height_last_edited=&#8221;on|phone&#8221; height=&#8221;100vh&#8221; height_tablet=&#8221;100vh&#8221; height_phone=&#8221;60vh&#8221; height_last_edited=&#8221;on|phone&#8221; max_height=&#8221;100vh&#8221; max_height_tablet=&#8221;100vh&#8221; max_height_phone=&#8221;60vh&#8221; max_height_last_edited=&#8221;on|tablet&#8221; title_font_size_tablet=&#8221;3.5em&#8221; title_font_size_phone=&#8221;2em&#8221; title_font_size_last_edited=&#8221;on|phone&#8221; title_en_gb=&#8221;Partners&#8221; button_one_text_en_gb=&#8221;Find out more&#8221; button_two_text_en_gb=&#8221;Estimate cost of my experience&#8221; global_colors_info=&#8221;{}&#8221; button_one_bg_color__hover_enabled=&#8221;on|desktop&#8221; button_one_bg_color__hover=&#8221;#FFFFFF&#8221; button_one_bg_enable_color__hover=&#8221;on&#8221; button_two_bg_color__hover_enabled=&#8221;on|hover&#8221; button_two_bg_color__hover=&#8221;rgba(255,255,255,0.66)&#8221; button_two_bg_enable_color__hover=&#8221;on&#8221; button_two_text_color__hover_enabled=&#8221;on|desktop&#8221; button_two_text_color__hover=&#8221;#000000&#8243; button_two_border_color__hover_enabled=&#8221;on|hover&#8221; button_two_border_color__hover=&#8221;RGBA(255,255,255,0)&#8221; header_font_size_phone=&#8221;2em&#8221; header_font_size_last_edited=&#8221;on|phone&#8221; header_font_size_tablet=&#8221;2.5em&#8221; button_one_text__hover_enabled=&#8221;off|desktop&#8221;][\/et_pb_fullwidth_header][\/et_pb_section][et_pb_section fb_built=&#8221;1&#8243; disabled_on=&#8221;off|off|off&#8221; admin_label=&#8221;Section&#8221; _builder_version=&#8221;4.27.5&#8243; _module_preset=&#8221;default&#8221; background_color=&#8221;RGBA(255,255,255,0)&#8221; positioning=&#8221;none&#8221; z_index=&#8221;999&#8243; custom_margin=&#8221;-4em||4em||false|false&#8221; custom_padding=&#8221;0px||0px||true|false&#8221; da_disable_devices=&#8221;off|off|off&#8221; locked=&#8221;off&#8221; global_colors_info=&#8221;{}&#8221; da_is_popup=&#8221;off&#8221; da_exit_intent=&#8221;off&#8221; da_has_close=&#8221;on&#8221; da_alt_close=&#8221;off&#8221; da_dark_close=&#8221;off&#8221; da_not_modal=&#8221;on&#8221; da_is_singular=&#8221;off&#8221; da_with_loader=&#8221;off&#8221; da_has_shadow=&#8221;on&#8221;][et_pb_row _builder_version=&#8221;4.23.1&#8243; _module_preset=&#8221;default&#8221; positioning=&#8221;none&#8221; position_origin_a=&#8221;bottom_center&#8221; vertical_offset=&#8221;15%&#8221; z_index=&#8221;999999&#8243; vertical_offset_tablet=&#8221;12%&#8221; vertical_offset_phone=&#8221;15%&#8221; vertical_offset_last_edited=&#8221;on|phone&#8221; width=&#8221;90%&#8221; max_width=&#8221;90%&#8221; custom_margin=&#8221;0px||0px||true|false&#8221; custom_padding=&#8221;0px||0px||true|false&#8221; locked=&#8221;off&#8221; global_colors_info=&#8221;{}&#8221;][et_pb_column type=&#8221;4_4&#8243; _builder_version=&#8221;4.23.1&#8243; _module_preset=&#8221;default&#8221; global_colors_info=&#8221;{}&#8221;][et_pb_code module_id=&#8221;pleasescroll&#8221; _builder_version=&#8221;4.23.1&#8243; _module_preset=&#8221;default&#8221; position_origin_a=&#8221;bottom_center&#8221; width=&#8221;100%&#8221; custom_margin=&#8221;0px||||false|false&#8221; custom_padding=&#8221;0px||0px||true|false&#8221; global_colors_info=&#8221;{}&#8221;]<\/p>\n<div class=\"mouse-scroll\"><\/div>\n<p><!-- [et_pb_line_break_holder] -->[\/et_pb_code][\/et_pb_column][\/et_pb_row][\/et_pb_section][et_pb_section fb_built=&#8221;1&#8243; custom_padding_last_edited=&#8221;on|phone&#8221; disabled_on=&#8221;off|off|off&#8221; module_id=&#8221;partenairesLID&#8221; _builder_version=&#8221;4.25.2&#8243; _module_preset=&#8221;default&#8221; background_enable_color=&#8221;off&#8221; use_background_color_gradient=&#8221;on&#8221; background_color_gradient_stops=&#8221;#ffffff 0%|rgba(255,255,255,0.4) 48%|#ffffff 100%&#8221; background_color_gradient_overlays_image=&#8221;on&#8221; background_image=&#8221;https:\/\/www.lapland-ice-driving.com\/wp-content\/uploads\/2023\/11\/neige.jpg&#8221; custom_margin=&#8221;||||false|false&#8221; custom_padding=&#8221;6%||8%||false|false&#8221; custom_padding_tablet=&#8221;2em||2em||true|false&#8221; custom_padding_phone=&#8221;1em||1em||true|false&#8221; da_disable_devices=&#8221;off|off|off&#8221; locked=&#8221;off&#8221; global_colors_info=&#8221;{}&#8221; da_is_popup=&#8221;off&#8221; da_exit_intent=&#8221;off&#8221; da_has_close=&#8221;on&#8221; da_alt_close=&#8221;off&#8221; da_dark_close=&#8221;off&#8221; da_not_modal=&#8221;on&#8221; da_is_singular=&#8221;off&#8221; da_with_loader=&#8221;off&#8221; da_has_shadow=&#8221;on&#8221;][et_pb_row use_custom_gutter=&#8221;on&#8221; gutter_width=&#8221;2&#8243; make_equal=&#8221;on&#8221; custom_padding_last_edited=&#8221;on|tablet&#8221; _builder_version=&#8221;4.24.0&#8243; _module_preset=&#8221;default&#8221; width=&#8221;90%&#8221; max_width=&#8221;90%&#8221; custom_margin=&#8221;||||false|false&#8221; custom_padding=&#8221;||||false|false&#8221; custom_padding_tablet=&#8221;0px||0px||true|false&#8221; custom_padding_phone=&#8221;0px||0px||true|false&#8221; global_colors_info=&#8221;{}&#8221;][et_pb_column type=&#8221;4_4&#8243; module_class=&#8221;centrer-verticalement&#8221; _builder_version=&#8221;4.23.1&#8243; _module_preset=&#8221;default&#8221; global_colors_info=&#8221;{}&#8221;][et_pb_text _builder_version=&#8221;4.24.0&#8243; _module_preset=&#8221;default&#8221; header_2_font=&#8221;|||on|||||&#8221; header_2_text_align=&#8221;center&#8221; header_2_font_size=&#8221;1.75em&#8221; header_2_letter_spacing=&#8221;1px&#8221; header_2_line_height=&#8221;1.2em&#8221; text_orientation=&#8221;center&#8221; max_width=&#8221;75%&#8221; max_width_tablet=&#8221;100%&#8221; max_width_phone=&#8221;100%&#8221; max_width_last_edited=&#8221;on|tablet&#8221; module_alignment=&#8221;center&#8221; header_2_font_size_tablet=&#8221;1.75em&#8221; header_2_font_size_phone=&#8221;1.5em&#8221; header_2_font_size_last_edited=&#8221;on|phone&#8221; content_en_gb=&#8221;<\/p>\n<p>Much more than a driving school, <strong>Lapland Ice Driving<\/strong> is an experience in its own right.<\/p>\n<p>Over the years, driven by passion and an uncompromising vision, we have continually evolved to always offer excellence. This is the sine qua none condition for respecting the promise to our customers: <strong>like nowhere else.<\/strong><\/p>\n<p>&#8221; global_colors_info=&#8221;{}&#8221;]Bien plus qu\u2019une \u00e9cole de pilotage, <strong>Lapland Ice Driving<\/strong> est une exp\u00e9rience \u00e0 part enti\u00e8re.<\/p>\n<p>Au fil des ann\u00e9es, mue par la passion et une vision sans compromis, nous avons perp\u00e9tuellement \u00e9volu\u00e9 pour toujours proposer l\u2019excellence. C\u2019est la condition sine qua none du respect de notre promesse envers nos clients&nbsp;: <strong>like nowhere else<\/strong>.<br \/>\n[\/et_pb_text][et_pb_toggle title=&#8221;En savoir plus&#8221; open_toggle_text_color=&#8221;#000000&#8243; open_toggle_background_color=&#8221;RGBA(255,255,255,0)&#8221; closed_toggle_background_color=&#8221;RGBA(255,255,255,0)&#8221; icon_color=&#8221;#000000&#8243; toggle_icon=&#8221;&#x50;||divi||400&#8243; open_icon_color=&#8221;#000000&#8243; open_toggle_icon=&#8221;&#x4f;||divi||400&#8243; module_class=&#8221;din txtcache bascvehi&#8221; _builder_version=&#8221;4.24.0&#8243; _module_preset=&#8221;default&#8221; title_text_color=&#8221;#000000&#8243; title_level=&#8221;h3&#8243; title_font=&#8221;|||on|||||&#8221; title_text_align=&#8221;center&#8221; title_font_size=&#8221;1em&#8221; body_text_align=&#8221;center&#8221; max_width=&#8221;75%&#8221; max_width_tablet=&#8221;90%&#8221; max_width_phone=&#8221;100%&#8221; max_width_last_edited=&#8221;on|tablet&#8221; module_alignment=&#8221;center&#8221; custom_margin=&#8221;0px|0px|0px|0px|true|true&#8221; custom_padding=&#8221;0px|0px|0px|0px|false|true&#8221; title_en_gb=&#8221;Find out more&#8221; content_en_gb=&#8221;<\/p>\n<p>Today, the values of Lapland Ice Driving are solid. We are pleased to share them with our guests throughout their stay, so that it becomes an unforgettable memory. These values are also the natural foundation of our links with prestigious brands.<\/p>\n<p>We\u2019d like to warmly thank our partners who have chosen to trust us. These privileged relationships make the Lapland Ice Driving experience more unique than ever in the world, to the benefit of our customers.<\/p>\n<p>&#8221; border_width_all=&#8221;0px&#8221; border_color_top=&#8221;#000000&#8243; border_color_right=&#8221;#000000&#8243; locked=&#8221;off&#8221; global_colors_info=&#8221;{}&#8221;]Aujourd\u2019hui, les valeurs du Lapland Ice Driving sont fortes. Nous sommes heureux de les partager avec nos clients tout au long de leur s\u00e9jour pour que celui-ci devienne un souvenir inoubliable. Ces valeurs sont \u00e9galement le fondement naturel de notre rapprochement avec de prestigieuses enseignes.<\/p>\n<p>Nous remercions chaleureusement nos partenaires qui ont choisi de nous faire confiance. Ces relations privil\u00e9gi\u00e9es rendent ainsi l\u2019exp\u00e9rience Lapland Ice Driving plus que jamais unique au monde, pour le plus grand bonheur de nos clients.<br \/>\n[\/et_pb_toggle][\/et_pb_column][\/et_pb_row][\/et_pb_section][et_pb_section fb_built=&#8221;1&#8243; _builder_version=&#8221;4.24.0&#8243; _module_preset=&#8221;default&#8221; custom_padding=&#8221;4em||2em||false|false&#8221; da_disable_devices=&#8221;off|off|off&#8221; global_colors_info=&#8221;{}&#8221; da_is_popup=&#8221;off&#8221; da_exit_intent=&#8221;off&#8221; da_has_close=&#8221;on&#8221; da_alt_close=&#8221;off&#8221; da_dark_close=&#8221;off&#8221; da_not_modal=&#8221;on&#8221; da_is_singular=&#8221;off&#8221; da_with_loader=&#8221;off&#8221; da_has_shadow=&#8221;on&#8221;][et_pb_row use_custom_gutter=&#8221;on&#8221; gutter_width=&#8221;2&#8243; make_equal=&#8221;on&#8221; _builder_version=&#8221;4.24.0&#8243; _module_preset=&#8221;default&#8221; width=&#8221;90%&#8221; max_width=&#8221;90%&#8221; custom_margin=&#8221;0px||0px||true|false&#8221; custom_padding=&#8221;0px||0px||true|false&#8221; global_colors_info=&#8221;{}&#8221; custom_margin__hover_enabled=&#8221;off|desktop&#8221;][et_pb_column type=&#8221;4_4&#8243; module_class=&#8221;centrer-verticalement&#8221; _builder_version=&#8221;4.23.1&#8243; _module_preset=&#8221;default&#8221; global_colors_info=&#8221;{}&#8221;][et_pb_text _builder_version=&#8221;4.27.4&#8243; _module_preset=&#8221;default&#8221; header_2_font=&#8221;|700||on|||||&#8221; header_2_text_align=&#8221;center&#8221; header_2_font_size=&#8221;1.75em&#8221; header_2_letter_spacing=&#8221;1px&#8221; header_2_line_height=&#8221;1.2em&#8221; text_orientation=&#8221;center&#8221; max_width=&#8221;100%&#8221; max_width_tablet=&#8221;100%&#8221; max_width_phone=&#8221;100%&#8221; max_width_last_edited=&#8221;on|tablet&#8221; module_alignment=&#8221;center&#8221; header_2_font_size_tablet=&#8221;1.75em&#8221; header_2_font_size_phone=&#8221;1.5em&#8221; header_2_font_size_last_edited=&#8221;on|phone&#8221; content_en_gb=&#8221;<\/p>\n<h2>Our partners<\/h2>\n<p>&#8221; global_colors_info=&#8221;{}&#8221;]<\/p>\n<h2>Nos partenaires<\/h2>\n<p>[\/et_pb_text][\/et_pb_column][\/et_pb_row][\/et_pb_section][et_pb_section fb_built=&#8221;1&#8243; custom_padding_last_edited=&#8221;on|tablet&#8221; _builder_version=&#8221;4.23.1&#8243; _module_preset=&#8221;default&#8221; background_enable_color=&#8221;off&#8221; background_enable_image=&#8221;off&#8221; custom_margin=&#8221;||||false|false&#8221; custom_padding=&#8221;0px||0px||false|false&#8221; custom_padding_tablet=&#8221;0%||2em||false|false&#8221; custom_padding_phone=&#8221;0em||||false|false&#8221; da_disable_devices=&#8221;off|off|off&#8221; global_colors_info=&#8221;{}&#8221; da_is_popup=&#8221;off&#8221; da_exit_intent=&#8221;off&#8221; da_has_close=&#8221;on&#8221; da_alt_close=&#8221;off&#8221; da_dark_close=&#8221;off&#8221; da_not_modal=&#8221;on&#8221; da_is_singular=&#8221;off&#8221; da_with_loader=&#8221;off&#8221; da_has_shadow=&#8221;on&#8221;][et_pb_row use_custom_gutter=&#8221;on&#8221; gutter_width=&#8221;1&#8243; make_equal=&#8221;on&#8221; _builder_version=&#8221;4.23.4&#8243; _module_preset=&#8221;default&#8221; width=&#8221;100%&#8221; max_width=&#8221;100%&#8221; custom_margin=&#8221;0px||0px||false|false&#8221; custom_padding=&#8221;0px||0px||false|false&#8221; global_colors_info=&#8221;{}&#8221;][et_pb_column type=&#8221;4_4&#8243; module_class=&#8221;centrer-verticalement&#8221; _builder_version=&#8221;4.23.1&#8243; _module_preset=&#8221;default&#8221; global_colors_info=&#8221;{}&#8221;][difl_cptgrid post_type=&#8221;partenaires&#8221; posts_number=&#8221;100&#8243; post_display=&#8221;by_tax&#8221; tax_for_partenaires=&#8221;categorie_partenaire&#8221; partenaires_terms_categorie_partenaire=&#8221;12&#8243; orderby=&#8221;2&#8243; use_image_as_background=&#8221;on&#8221; use_background_scale=&#8221;on&#8221; alignment=&#8221;center&#8221; column=&#8221;1&#8243; gutter=&#8221;0&#8243; item_wrapper_padding=&#8221;10%||10%||true|false&#8221; module_class=&#8221;partenairesgrid&#8221; _builder_version=&#8221;4.23.4&#8243; _module_preset=&#8221;default&#8221; global_colors_info=&#8221;{}&#8221;][difl_cptitem type=&#8221;acf_fields&#8221; post_type_for_acf=&#8221;partenaires&#8221; partenaires=&#8221;logo&#8221; _builder_version=&#8221;4.23.4&#8243; _module_preset=&#8221;default&#8221; background_color=&#8221;rgba(255,255,255,0.8)&#8221; background_enable_color=&#8221;on&#8221; global_colors_info=&#8221;{}&#8221; transform_styles__hover_enabled=&#8221;off|hover&#8221; transform_scale__hover_enabled=&#8221;off|hover&#8221; transform_translate__hover_enabled=&#8221;off|hover&#8221; transform_rotate__hover_enabled=&#8221;off|hover&#8221; transform_skew__hover_enabled=&#8221;off|hover&#8221; transform_origin__hover_enabled=&#8221;off|hover&#8221;][\/difl_cptitem][\/difl_cptgrid][\/et_pb_column][\/et_pb_row][\/et_pb_section][et_pb_section fb_built=&#8221;1&#8243; custom_padding_last_edited=&#8221;on|phone&#8221; _builder_version=&#8221;4.23.1&#8243; _module_preset=&#8221;default&#8221; background_enable_color=&#8221;off&#8221; use_background_color_gradient=&#8221;on&#8221; background_color_gradient_stops=&#8221;#ffffff 0%|rgba(255,255,255,0.4) 48%|#ffffff 100%&#8221; background_color_gradient_overlays_image=&#8221;on&#8221; background_image=&#8221;https:\/\/www.lapland-ice-driving.com\/wp-content\/uploads\/2023\/11\/neige.jpg&#8221; custom_padding=&#8221;6%||6%||true|false&#8221; custom_padding_tablet=&#8221;2em||2em||true|false&#8221; custom_padding_phone=&#8221;3em||||false|false&#8221; da_disable_devices=&#8221;off|off|off&#8221; locked=&#8221;off&#8221; global_colors_info=&#8221;{}&#8221; da_is_popup=&#8221;off&#8221; da_exit_intent=&#8221;off&#8221; da_has_close=&#8221;on&#8221; da_alt_close=&#8221;off&#8221; da_dark_close=&#8221;off&#8221; da_not_modal=&#8221;on&#8221; da_is_singular=&#8221;off&#8221; da_with_loader=&#8221;off&#8221; da_has_shadow=&#8221;on&#8221;][et_pb_row use_custom_gutter=&#8221;on&#8221; gutter_width=&#8221;2&#8243; make_equal=&#8221;on&#8221; _builder_version=&#8221;4.24.0&#8243; _module_preset=&#8221;default&#8221; width=&#8221;90%&#8221; max_width=&#8221;90%&#8221; custom_margin=&#8221;||0px||false|false&#8221; custom_padding=&#8221;0px||0px||false|false&#8221; global_colors_info=&#8221;{}&#8221;][et_pb_column type=&#8221;4_4&#8243; module_class=&#8221;centrer-verticalement&#8221; _builder_version=&#8221;4.23.1&#8243; _module_preset=&#8221;default&#8221; global_colors_info=&#8221;{}&#8221;][et_pb_text _builder_version=&#8221;4.24.0&#8243; _module_preset=&#8221;default&#8221; header_font=&#8221;|600||on|||||&#8221; header_text_align=&#8221;right&#8221; header_font_size=&#8221;2em&#8221; header_letter_spacing=&#8221;1px&#8221; header_line_height=&#8221;1.2em&#8221; header_2_font=&#8221;|700||on|||||&#8221; header_2_text_align=&#8221;center&#8221; header_2_font_size=&#8221;1.75em&#8221; header_2_letter_spacing=&#8221;1px&#8221; header_2_line_height=&#8221;1.2em&#8221; width=&#8221;90%&#8221; width_tablet=&#8221;100%&#8221; width_phone=&#8221;100%&#8221; width_last_edited=&#8221;on|tablet&#8221; module_alignment=&#8221;center&#8221; custom_margin=&#8221;||0px||false|false&#8221; custom_margin_tablet=&#8221;||0px||false|false&#8221; custom_margin_phone=&#8221;||0px||false|false&#8221; custom_margin_last_edited=&#8221;off|desktop&#8221; custom_padding=&#8221;||0px||false|false&#8221; custom_padding_tablet=&#8221;||0em||false|false&#8221; custom_padding_phone=&#8221;||0em||false|false&#8221; custom_padding_last_edited=&#8221;off|desktop&#8221; header_font_size_tablet=&#8221;&#8221; header_font_size_phone=&#8221;&#8221; header_font_size_last_edited=&#8221;on|phone&#8221; header_2_font_size_tablet=&#8221;1.75em&#8221; header_2_font_size_phone=&#8221;1.5em&#8221; header_2_font_size_last_edited=&#8221;on|phone&#8221; text_orientation_tablet=&#8221;center&#8221; text_orientation_phone=&#8221;center&#8221; text_orientation_last_edited=&#8221;on|phone&#8221; content_en_gb=&#8221;<\/p>\n<h2>We also thank<\/h2>\n<p>&#8221; global_colors_info=&#8221;{}&#8221;]<\/p>\n<h2>Nous remercions \u00e9galement&nbsp;:<\/h2>\n<p>[\/et_pb_text][difl_cptcarousel post_type=&#8221;partenaires&#8221; posts_number=&#8221;100&#8243; post_display=&#8221;by_tax&#8221; tax_for_partenaires=&#8221;categorie_partenaire&#8221; partenaires_terms_categorie_partenaire=&#8221;13&#8243; orderby=&#8221;2&#8243; item_tablet=&#8221;3&#8243; item_mobile=&#8221;3&#8243; arrow_color=&#8221;#000000&#8243; arrow_background=&#8221;RGBA(255,255,255,0)&#8221; arrow_position=&#8221;bottom&#8221; arrow_align=&#8221;center&#8221; arrow_prev_icon_use_icon=&#8221;on&#8221; arrow_prev_icon_font_icon=&#8221;&#x23;||divi||400&#8243; arrow_prev_icon_icon_size=&#8221;20px&#8221; arrow_next_icon_use_icon=&#8221;on&#8221; arrow_next_icon_font_icon=&#8221;&#x24;||divi||400&#8243; arrow_next_icon_icon_size=&#8221;20px&#8221; arrow_prev_margin=&#8221;||||false|false&#8221; arrow_prev_padding=&#8221;1em||||false|false&#8221; arrow_next_margin=&#8221;||||false|false&#8221; arrow_next_padding=&#8221;1em||||false|false&#8221; large_active_dot=&#8221;on&#8221; dots_color=&#8221;#666666&#8243; active_dots_color=&#8221;#000000&#8243; wrapper_margin=&#8221;0px||0px||true|false&#8221; wrapper_padding=&#8221;0px||0px||true|false&#8221; item_wrapper_padding=&#8221;0px||0px||true|false&#8221; item_margin=&#8221;0px||0px||true|false&#8221; item_padding=&#8221;0em||0px||false|false&#8221; module_class=&#8221;partenairesgrid&#8221; _builder_version=&#8221;4.27.4&#8243; _module_preset=&#8221;default&#8221; width=&#8221;30%&#8221; width_tablet=&#8221;50%&#8221; width_phone=&#8221;90%&#8221; width_last_edited=&#8221;on|phone&#8221; max_width=&#8221;30%&#8221; max_width_tablet=&#8221;50%&#8221; max_width_phone=&#8221;90%&#8221; max_width_last_edited=&#8221;on|tablet&#8221; module_alignment=&#8221;center&#8221; custom_margin=&#8221;0px||0px||true|false&#8221; custom_padding=&#8221;0px||0px||true|false&#8221; locked=&#8221;off&#8221; global_colors_info=&#8221;{}&#8221; arrow_color__hover_enabled=&#8221;off|desktop&#8221; arrow_color__hover=&#8221;#3EACCC&#8221;][difl_cptitem type=&#8221;acf_fields&#8221; post_type_for_acf=&#8221;partenaires&#8221; partenaires=&#8221;logo&#8221; _builder_version=&#8221;4.25.2&#8243; _module_preset=&#8221;default&#8221; global_colors_info=&#8221;{}&#8221; transform_styles__hover_enabled=&#8221;on|hover&#8221; transform_scale__hover_enabled=&#8221;on|hover&#8221; transform_translate__hover_enabled=&#8221;on|desktop&#8221; transform_rotate__hover_enabled=&#8221;on|desktop&#8221; transform_skew__hover_enabled=&#8221;on|desktop&#8221; transform_origin__hover_enabled=&#8221;on|desktop&#8221; transform_scale__hover=&#8221;104%|104%&#8221;][\/difl_cptitem][\/difl_cptcarousel][\/et_pb_column][\/et_pb_row][\/et_pb_section][et_pb_section fb_built=&#8221;1&#8243; disabled_on=&#8221;on|on|on&#8221; module_class=&#8221;sectctafooter&#8221; _builder_version=&#8221;4.24.3&#8243; _module_preset=&#8221;default&#8221; custom_margin=&#8221;0px||0px||false|false&#8221; custom_margin_tablet=&#8221;0px||-20px||false|false&#8221; custom_margin_phone=&#8221;||-20px||false|false&#8221; custom_margin_last_edited=&#8221;on|phone&#8221; custom_padding=&#8221;0px||0px||true|false&#8221; da_disable_devices=&#8221;off|off|off&#8221; disabled=&#8221;on&#8221; global_colors_info=&#8221;{}&#8221; da_is_popup=&#8221;off&#8221; da_exit_intent=&#8221;off&#8221; da_has_close=&#8221;on&#8221; da_alt_close=&#8221;off&#8221; da_dark_close=&#8221;off&#8221; da_not_modal=&#8221;on&#8221; da_is_singular=&#8221;off&#8221; da_with_loader=&#8221;off&#8221; da_has_shadow=&#8221;on&#8221;][et_pb_row custom_padding_last_edited=&#8221;on|phone&#8221; module_class=&#8221;rowctafooter&#8221; _builder_version=&#8221;4.24.0&#8243; _module_preset=&#8221;default&#8221; width=&#8221;100%&#8221; max_width=&#8221;100%&#8221; custom_margin=&#8221;0px||0px||true|false&#8221; custom_padding=&#8221;5em||1em||false|false&#8221; custom_padding_tablet=&#8221;1em||||false|false&#8221; custom_padding_phone=&#8221;1em||||false|false&#8221; global_colors_info=&#8221;{}&#8221;][et_pb_column type=&#8221;4_4&#8243; _builder_version=&#8221;4.23.1&#8243; _module_preset=&#8221;default&#8221; global_colors_info=&#8221;{}&#8221;][et_pb_text disabled_on=&#8221;on|on|on&#8221; module_class=&#8221;btncontactacc-cd&#8221; _builder_version=&#8221;4.24.3&#8243; _dynamic_attributes=&#8221;link_option_url&#8221; _module_preset=&#8221;default&#8221; text_font=&#8221;|||on|||||&#8221; text_orientation=&#8221;center&#8221; custom_padding=&#8221;20px|50px|15px|50px|false|true&#8221; custom_padding_tablet=&#8221;0px|0px|0px|0px|true|true&#8221; custom_padding_phone=&#8221;0px|0px|0px|0px|true|true&#8221; custom_padding_last_edited=&#8221;on|tablet&#8221; link_option_url=&#8221;@ET-DC@eyJkeW5hbWljIjp0cnVlLCJjb250ZW50IjoicG9zdF9saW5rX3VybF9wYWdlIiwic2V0dGluZ3MiOnsicG9zdF9pZCI6IjI4NzMxMSJ9fQ==@&#8221; disabled=&#8221;on&#8221; locked=&#8221;off&#8221; global_colors_info=&#8221;{}&#8221;]<\/p>\n<div class=\"btn-frlt from-left\">D\u00e9couvrir les t\u00e9moignages<\/div>\n<p>[\/et_pb_text][et_pb_divider color=&#8221;#606569&#8243; divider_position=&#8221;center&#8221; divider_position_tablet=&#8221;bottom&#8221; divider_position_phone=&#8221;bottom&#8221; divider_position_last_edited=&#8221;on|phone&#8221; module_class=&#8221;sepctafooter&#8221; _builder_version=&#8221;4.24.0&#8243; _module_preset=&#8221;default&#8221; positioning=&#8221;absolute&#8221; position_origin_a=&#8221;center_center&#8221; width=&#8221;80px&#8221; custom_margin=&#8221;0px||0px||true|false&#8221; custom_padding=&#8221;0px||0px||true|false&#8221; global_colors_info=&#8221;{}&#8221;][\/et_pb_divider][\/et_pb_column][\/et_pb_row][\/et_pb_section]<\/p>\n","protected":false},"excerpt":{"rendered":"<p>Bien plus qu\u2019une \u00e9cole de pilotage, Lapland Ice Driving est une exp\u00e9rience \u00e0 part enti\u00e8re. Au fil des ann\u00e9es, mue par la passion et une vision sans compromis, nous avons perp\u00e9tuellement \u00e9volu\u00e9 pour toujours proposer l\u2019excellence. C\u2019est la condition sine qua none du respect de notre promesse envers nos clients : like nowhere else. Aujourd\u2019hui, [&hellip;]<\/p>\n","protected":false},"author":1,"featured_media":0,"parent":0,"menu_order":0,"comment_status":"closed","ping_status":"closed","template":"","meta":{"_acf_changed":false,"_et_pb_use_builder":"on","_et_pb_old_content":"","_et_gb_content_width":"","content-type":"","footnotes":""},"difl_page_category":[],"class_list":["post-284927","page","type-page","status-publish","hentry"],"acf":[],"_links":{"self":[{"href":"https:\/\/www.lapland-ice-driving.com\/en\/wp-json\/wp\/v2\/pages\/284927","targetHints":{"allow":["GET"]}}],"collection":[{"href":"https:\/\/www.lapland-ice-driving.com\/en\/wp-json\/wp\/v2\/pages"}],"about":[{"href":"https:\/\/www.lapland-ice-driving.com\/en\/wp-json\/wp\/v2\/types\/page"}],"author":[{"embeddable":true,"href":"https:\/\/www.lapland-ice-driving.com\/en\/wp-json\/wp\/v2\/users\/1"}],"replies":[{"embeddable":true,"href":"https:\/\/www.lapland-ice-driving.com\/en\/wp-json\/wp\/v2\/comments?post=284927"}],"version-history":[{"count":14,"href":"https:\/\/www.lapland-ice-driving.com\/en\/wp-json\/wp\/v2\/pages\/284927\/revisions"}],"predecessor-version":[{"id":2159445,"href":"https:\/\/www.lapland-ice-driving.com\/en\/wp-json\/wp\/v2\/pages\/284927\/revisions\/2159445"}],"wp:attachment":[{"href":"https:\/\/www.lapland-ice-driving.com\/en\/wp-json\/wp\/v2\/media?parent=284927"}],"wp:term":[{"taxonomy":"difl_page_category","embeddable":true,"href":"https:\/\/www.lapland-ice-driving.com\/en\/wp-json\/wp\/v2\/difl_page_category?post=284927"}],"curies":[{"name":"wp","href":"https:\/\/api.w.org\/{rel}","templated":true}]}}